{"id":6,"date":"2018-08-23T15:15:17","date_gmt":"2018-08-23T13:15:17","guid":{"rendered":"http:\/\/www.hommes-et-solutions.fr\/?page_id=6"},"modified":"2024-08-21T15:45:35","modified_gmt":"2024-08-21T13:45:35","slug":"accueil","status":"publish","type":"page","link":"https:\/\/hommes-et-solutions.fr\/","title":{"rendered":"Accueil"},"content":{"rendered":"\n<div class=\"wp-block-cover alignfull is-light has-parallax\" style=\"min-height:750px;aspect-ratio:unset;\"><span aria-hidden=\"true\" class=\"wp-block-cover__background has-ast-global-color-6-background-color has-background-dim\"><\/span><div class=\"wp-block-cover__image-background wp-image-287 has-parallax\" style=\"background-position:50% 50%;background-image:url(http:\/\/www.hommes-et-solutions.fr\/wp-content\/uploads\/2021\/11\/jeshoots-com-pUAM5hPaCRI-unsplash-scaled.jpg)\"><\/div><div class=\"wp-block-cover__inner-container is-layout-flow wp-block-cover-is-layout-flow\">\n<h1 class=\"wp-block-heading has-text-align-center has-ast-global-color-1-color has-text-color\"><span class=\"has-inline-color has-ast-global-color-1-color\">HOMMES &amp; SOLUTIONS<\/span><\/h1>\n\n\n\n<hr class=\"wp-block-separator has-css-opacity aligncenter\"\/>\n\n\n\n<h3 class=\"wp-block-heading has-text-align-center has-text-color\" style=\"color:#e8eff0\"><span style=\"color:#a81e37\" class=\"has-inline-color\"><strong>Une r\u00e9ponse aux besoins IT &amp; Conseil !<\/strong><\/span><\/h3>\n\n\n\n<p><\/p>\n<\/div><\/div>\n\n\n\n<div class=\"inherit-container-width wp-block-group alignwide has-ast-global-color-5-background-color has-background is-layout-constrained wp-block-group-is-layout-constrained\"><div class=\"wp-block-group__inner-container\">\n<div class=\"wp-block-columns is-layout-flex wp-container-core-columns-is-layout-28f84493 wp-block-columns-is-layout-flex\">\n<div class=\"wp-block-column is-layout-flow wp-block-column-is-layout-flow\">\n<figure class=\"wp-block-image aligncenter size-medium is-resized\"><img decoding=\"async\" width=\"300\" height=\"149\" src=\"http:\/\/www.hommes-et-solutions.fr\/wp-content\/uploads\/2021\/11\/2560px-SAP-Logo.svg-300x149.png\" alt=\"\" class=\"wp-image-296\" style=\"width:79px;height:39px\" srcset=\"https:\/\/hommes-et-solutions.fr\/wp-content\/uploads\/2021\/11\/2560px-SAP-Logo.svg-300x149.png 300w, https:\/\/hommes-et-solutions.fr\/wp-content\/uploads\/2021\/11\/2560px-SAP-Logo.svg-1024x507.png 1024w, https:\/\/hommes-et-solutions.fr\/wp-content\/uploads\/2021\/11\/2560px-SAP-Logo.svg-768x380.png 768w, https:\/\/hommes-et-solutions.fr\/wp-content\/uploads\/2021\/11\/2560px-SAP-Logo.svg-1536x761.png 1536w, https:\/\/hommes-et-solutions.fr\/wp-content\/uploads\/2021\/11\/2560px-SAP-Logo.svg-2048x1014.png 2048w\" sizes=\"(max-width: 300px) 100vw, 300px\" \/><\/figure>\n<\/div>\n\n\n\n<div class=\"wp-block-column is-layout-flow wp-block-column-is-layout-flow\">\n<figure class=\"wp-block-image aligncenter size-medium is-resized\"><img decoding=\"async\" width=\"300\" height=\"71\" src=\"http:\/\/www.hommes-et-solutions.fr\/wp-content\/uploads\/2021\/11\/oracle-logo-300x71.png\" alt=\"\" class=\"wp-image-297\" style=\"width:118px;height:28px\" srcset=\"https:\/\/hommes-et-solutions.fr\/wp-content\/uploads\/2021\/11\/oracle-logo-300x71.png 300w, https:\/\/hommes-et-solutions.fr\/wp-content\/uploads\/2021\/11\/oracle-logo.png 399w\" sizes=\"(max-width: 300px) 100vw, 300px\" \/><\/figure>\n<\/div>\n\n\n\n<div class=\"wp-block-column is-layout-flow wp-block-column-is-layout-flow\">\n<figure class=\"wp-block-image aligncenter size-medium is-resized\"><img decoding=\"async\" width=\"300\" height=\"154\" src=\"http:\/\/www.hommes-et-solutions.fr\/wp-content\/uploads\/2022\/01\/logo-salesforce-registered-consulting-partenaire-consultant-300x154.png\" alt=\"\" class=\"wp-image-372\" style=\"width:134px;height:70px\" srcset=\"https:\/\/hommes-et-solutions.fr\/wp-content\/uploads\/2022\/01\/logo-salesforce-registered-consulting-partenaire-consultant-300x154.png 300w, https:\/\/hommes-et-solutions.fr\/wp-content\/uploads\/2022\/01\/logo-salesforce-registered-consulting-partenaire-consultant.png 500w\" sizes=\"(max-width: 300px) 100vw, 300px\" \/><\/figure>\n<\/div>\n\n\n\n<div class=\"wp-block-column is-layout-flow wp-block-column-is-layout-flow\">\n<figure class=\"wp-block-image aligncenter size-medium is-resized\"><img loading=\"lazy\" decoding=\"async\" width=\"300\" height=\"104\" src=\"http:\/\/www.hommes-et-solutions.fr\/wp-content\/uploads\/2021\/11\/microsoft-dynamics-1-300x104.png\" alt=\"\" class=\"wp-image-299\" style=\"width:115px;height:40px\" srcset=\"https:\/\/hommes-et-solutions.fr\/wp-content\/uploads\/2021\/11\/microsoft-dynamics-1-300x104.png 300w, https:\/\/hommes-et-solutions.fr\/wp-content\/uploads\/2021\/11\/microsoft-dynamics-1.png 640w\" sizes=\"(max-width: 300px) 100vw, 300px\" \/><\/figure>\n<\/div>\n<\/div>\n\n\n\n<div style=\"height:16px\" aria-hidden=\"true\" class=\"wp-block-spacer\"><\/div>\n\n\n\n<div class=\"wp-block-columns is-layout-flex wp-container-core-columns-is-layout-28f84493 wp-block-columns-is-layout-flex\">\n<div class=\"wp-block-column is-layout-flow wp-block-column-is-layout-flow\">\n<figure class=\"wp-block-image aligncenter size-medium is-resized\"><img loading=\"lazy\" decoding=\"async\" width=\"300\" height=\"91\" src=\"http:\/\/www.hommes-et-solutions.fr\/wp-content\/uploads\/2021\/11\/Microsoft-dotNET-logo-1-300x91.png\" alt=\"\" class=\"wp-image-302\" style=\"width:111px;height:33px\" srcset=\"https:\/\/hommes-et-solutions.fr\/wp-content\/uploads\/2021\/11\/Microsoft-dotNET-logo-1-300x91.png 300w, https:\/\/hommes-et-solutions.fr\/wp-content\/uploads\/2021\/11\/Microsoft-dotNET-logo-1.png 600w\" sizes=\"(max-width: 300px) 100vw, 300px\" \/><\/figure>\n<\/div>\n\n\n\n<div class=\"wp-block-column is-layout-flow wp-block-column-is-layout-flow\">\n<figure class=\"wp-block-image aligncenter size-medium is-resized\"><img loading=\"lazy\" decoding=\"async\" width=\"161\" height=\"300\" src=\"http:\/\/www.hommes-et-solutions.fr\/wp-content\/uploads\/2021\/11\/1200px-Java_Logo.svg-1-161x300.png\" alt=\"\" class=\"wp-image-303\" style=\"width:29px;height:54px\" srcset=\"https:\/\/hommes-et-solutions.fr\/wp-content\/uploads\/2021\/11\/1200px-Java_Logo.svg-1-161x300.png 161w, https:\/\/hommes-et-solutions.fr\/wp-content\/uploads\/2021\/11\/1200px-Java_Logo.svg-1-550x1024.png 550w, https:\/\/hommes-et-solutions.fr\/wp-content\/uploads\/2021\/11\/1200px-Java_Logo.svg-1-768x1430.png 768w, https:\/\/hommes-et-solutions.fr\/wp-content\/uploads\/2021\/11\/1200px-Java_Logo.svg-1-825x1536.png 825w, https:\/\/hommes-et-solutions.fr\/wp-content\/uploads\/2021\/11\/1200px-Java_Logo.svg-1-1100x2048.png 1100w, https:\/\/hommes-et-solutions.fr\/wp-content\/uploads\/2021\/11\/1200px-Java_Logo.svg-1.png 1200w\" sizes=\"(max-width: 161px) 100vw, 161px\" \/><\/figure>\n<\/div>\n\n\n\n<div class=\"wp-block-column is-layout-flow wp-block-column-is-layout-flow\">\n<figure class=\"wp-block-image aligncenter size-full is-resized\"><img loading=\"lazy\" decoding=\"async\" width=\"176\" height=\"119\" src=\"http:\/\/www.hommes-et-solutions.fr\/wp-content\/uploads\/2021\/11\/logo-mysql-170x115-1.png\" alt=\"\" class=\"wp-image-304\" style=\"width:71px;height:48px\"\/><\/figure>\n<\/div>\n\n\n\n<div class=\"wp-block-column is-layout-flow wp-block-column-is-layout-flow\">\n<figure class=\"wp-block-image aligncenter size-medium is-resized\"><img loading=\"lazy\" decoding=\"async\" width=\"300\" height=\"78\" src=\"http:\/\/www.hommes-et-solutions.fr\/wp-content\/uploads\/2021\/11\/1024px-Hadoop_logo.svg-300x78.png\" alt=\"\" class=\"wp-image-305\" style=\"width:140px;height:37px\" srcset=\"https:\/\/hommes-et-solutions.fr\/wp-content\/uploads\/2021\/11\/1024px-Hadoop_logo.svg-300x78.png 300w, https:\/\/hommes-et-solutions.fr\/wp-content\/uploads\/2021\/11\/1024px-Hadoop_logo.svg-768x199.png 768w, https:\/\/hommes-et-solutions.fr\/wp-content\/uploads\/2021\/11\/1024px-Hadoop_logo.svg.png 1024w\" sizes=\"(max-width: 300px) 100vw, 300px\" \/><\/figure>\n<\/div>\n<\/div>\n<\/div><\/div>\n\n\n\n<div style=\"height:30px\" aria-hidden=\"true\" class=\"wp-block-spacer\"><\/div>\n\n\n\n<div class=\"inherit-container-width wp-block-group alignfull has-ast-global-color-4-background-color has-background is-layout-constrained wp-block-group-is-layout-constrained\"><div class=\"wp-block-group__inner-container\">\n<h3 class=\"wp-block-heading has-text-align-center has-ast-global-color-0-color has-text-color\" style=\"font-size:30px\">Cr\u00e9\u00e9e en 1993, sur une activit\u00e9 initiale de conduite du changement, de formation utilisateurs et de support SAP\u00a9, <strong>HOMMES &amp; SOLUTIONS<\/strong> diversifie ses activit\u00e9s et vous propose son expertise en sourcing sur un \u00e9cosyst\u00e8me d&rsquo;environ 6 000 E.S.N partenaires et 12 000 freelances<\/h3>\n<\/div><\/div>\n\n\n\n<div class=\"inherit-container-width wp-block-group alignfull has-white-background-color has-background is-layout-constrained wp-block-group-is-layout-constrained\"><div class=\"wp-block-group__inner-container\">\n<div class=\"wp-block-columns alignwide is-layout-flex wp-container-core-columns-is-layout-28f84493 wp-block-columns-is-layout-flex\">\n<div class=\"wp-block-column is-layout-flow wp-block-column-is-layout-flow\">\n<h3 class=\"wp-block-heading has-text-align-center has-text-color\" style=\"color:#a81e37\"><strong>Simplicit\u00e9 et confiance<\/strong><\/h3>\n\n\n\n<figure class=\"wp-block-image aligncenter size-medium\"><img loading=\"lazy\" decoding=\"async\" width=\"300\" height=\"200\" src=\"http:\/\/www.hommes-et-solutions.fr\/wp-content\/uploads\/2018\/09\/O6I3A50-copie-300x200.jpg\" alt=\"\" class=\"wp-image-69\" srcset=\"https:\/\/hommes-et-solutions.fr\/wp-content\/uploads\/2018\/09\/O6I3A50-copie-300x200.jpg 300w, https:\/\/hommes-et-solutions.fr\/wp-content\/uploads\/2018\/09\/O6I3A50-copie-768x512.jpg 768w, https:\/\/hommes-et-solutions.fr\/wp-content\/uploads\/2018\/09\/O6I3A50-copie-1024x683.jpg 1024w, https:\/\/hommes-et-solutions.fr\/wp-content\/uploads\/2018\/09\/O6I3A50-copie.jpg 1104w\" sizes=\"(max-width: 300px) 100vw, 300px\" \/><\/figure>\n\n\n\n<p class=\"has-text-align-center\">Pas de base de CVs consultable, ni d&rsquo;inscription \u00e0 un portail ou autre contrainte particuli\u00e8re, nous suivons des process simples de mises en relation anonymes, avec notre r\u00e9seau d&rsquo;E.S.N partenaires et \/ou de freelances.<\/p>\n<\/div>\n\n\n\n<div class=\"wp-block-column is-layout-flow wp-block-column-is-layout-flow\">\n<h3 class=\"wp-block-heading has-text-align-center has-text-color\" style=\"color:#a81e37\"><strong>R\u00e9pondre \u00e0 vos besoins<\/strong><\/h3>\n\n\n\n<figure class=\"wp-block-image aligncenter size-medium is-resized\"><img loading=\"lazy\" decoding=\"async\" width=\"300\" height=\"200\" src=\"http:\/\/www.hommes-et-solutions.fr\/wp-content\/uploads\/2018\/09\/business-teamwork-brainstorming-discuss-the-investment_1421-2716-300x200.jpg\" alt=\"\" class=\"wp-image-71\" style=\"width:300px;height:200px\" srcset=\"https:\/\/hommes-et-solutions.fr\/wp-content\/uploads\/2018\/09\/business-teamwork-brainstorming-discuss-the-investment_1421-2716-300x200.jpg 300w, https:\/\/hommes-et-solutions.fr\/wp-content\/uploads\/2018\/09\/business-teamwork-brainstorming-discuss-the-investment_1421-2716.jpg 469w\" sizes=\"(max-width: 300px) 100vw, 300px\" \/><\/figure>\n\n\n\n<p class=\"has-text-align-center\">Nous \u00e9tudions attentivement vos besoins et vous proposons rapidement, en toute transparence et \u00e0 un co\u00fbt ma\u00eetris\u00e9, plusieurs profils salari\u00e9s ou freelances, qualifi\u00e9s, motiv\u00e9s et disponibles pour rejoindre vos projets.<\/p>\n<\/div>\n\n\n\n<div class=\"wp-block-column is-layout-flow wp-block-column-is-layout-flow\">\n<h3 class=\"wp-block-heading has-text-align-center has-text-color\" style=\"color:#a81e37\"><strong>Copilote de vos projets<\/strong><\/h3>\n\n\n\n<figure class=\"wp-block-image aligncenter size-medium\"><img loading=\"lazy\" decoding=\"async\" width=\"300\" height=\"200\" src=\"http:\/\/www.hommes-et-solutions.fr\/wp-content\/uploads\/2018\/09\/978-copie-300x200.jpg\" alt=\"\" class=\"wp-image-70\" srcset=\"https:\/\/hommes-et-solutions.fr\/wp-content\/uploads\/2018\/09\/978-copie-300x200.jpg 300w, https:\/\/hommes-et-solutions.fr\/wp-content\/uploads\/2018\/09\/978-copie-768x513.jpg 768w, https:\/\/hommes-et-solutions.fr\/wp-content\/uploads\/2018\/09\/978-copie-1024x683.jpg 1024w, https:\/\/hommes-et-solutions.fr\/wp-content\/uploads\/2018\/09\/978-copie.jpg 1720w\" sizes=\"(max-width: 300px) 100vw, 300px\" \/><\/figure>\n\n\n\n<p class=\"has-text-align-center\">Interlocuteur de proximit\u00e9, nous assurons le contr\u00f4le de conformit\u00e9 fournisseurs et un suivi qualit\u00e9 r\u00e9gulier, avec vous et nos partenaires, de l&rsquo;ensemble des comp\u00e9tences d\u00e9l\u00e9gu\u00e9es pendant toute la dur\u00e9e de leurs missions.<\/p>\n<\/div>\n<\/div>\n<\/div><\/div>\n\n\n\n<div class=\"inherit-container-width wp-block-group alignfull has-ast-global-color-4-background-color has-background is-layout-constrained wp-block-group-is-layout-constrained\"><div class=\"wp-block-group__inner-container\">\n<div class=\"wp-block-media-text alignwide is-stacked-on-mobile is-vertically-aligned-center has-white-background-color has-background\" style=\"grid-template-columns:25% auto\"><figure class=\"wp-block-media-text__media\"><img loading=\"lazy\" decoding=\"async\" width=\"250\" height=\"250\" src=\"http:\/\/www.hommes-et-solutions.fr\/wp-content\/uploads\/2023\/06\/Design-sans-titre.png\" alt=\"\" class=\"wp-image-401 size-full\" srcset=\"https:\/\/hommes-et-solutions.fr\/wp-content\/uploads\/2023\/06\/Design-sans-titre.png 250w, https:\/\/hommes-et-solutions.fr\/wp-content\/uploads\/2023\/06\/Design-sans-titre-150x150.png 150w\" sizes=\"(max-width: 250px) 100vw, 250px\" \/><\/figure><div class=\"wp-block-media-text__content\">\n<h2 class=\"wp-block-heading has-ast-global-color-0-color has-text-color\"> <strong>Filiale \u00e0 100% du groupe TLTI depuis 2014,<\/strong> <\/h2>\n\n\n\n<p class=\"has-medium-font-size\"> <strong>HOMMES &amp; SOLUTIONS<\/strong> accompagne, avec les meilleures ressources du march\u00e9, les entreprises dans leurs projets IT. <\/p>\n\n\n\n<p class=\"has-medium-font-size\"><strong>HOMMES &amp; SOLUTIONS<\/strong> c&rsquo;est \u00e9galement un gage de qualit\u00e9 et de s\u00e9rieux, certifi\u00e9 par Qualiopi. <\/p>\n<\/div><\/div>\n<\/div><\/div>\n\n\n\n<div class=\"inherit-container-width wp-block-group alignfull has-white-background-color has-background is-layout-constrained wp-block-group-is-layout-constrained\"><div class=\"wp-block-group__inner-container\">\n<h2 class=\"wp-block-heading has-text-align-center has-ast-global-color-0-color has-text-color\">DEVENEZ PARTENAIRES D&rsquo;HOMMES &amp; SOLUTIONS<\/h2>\n\n\n\n<div style=\"height:52px\" aria-hidden=\"true\" class=\"wp-block-spacer\"><\/div>\n\n\n\n<div class=\"wp-block-columns alignwide are-vertically-aligned-center is-layout-flex wp-container-core-columns-is-layout-28f84493 wp-block-columns-is-layout-flex\">\n<div class=\"wp-block-column is-vertically-aligned-center is-layout-flow wp-block-column-is-layout-flow\">\n<figure class=\"wp-block-image aligncenter size-full is-style-rounded\"><img loading=\"lazy\" decoding=\"async\" width=\"226\" height=\"226\" src=\"http:\/\/www.hommes-et-solutions.fr\/wp-content\/uploads\/2018\/09\/ESN-1.jpg\" alt=\"\" class=\"wp-image-158\" srcset=\"https:\/\/hommes-et-solutions.fr\/wp-content\/uploads\/2018\/09\/ESN-1.jpg 226w, https:\/\/hommes-et-solutions.fr\/wp-content\/uploads\/2018\/09\/ESN-1-150x150.jpg 150w\" sizes=\"(max-width: 226px) 100vw, 226px\" \/><\/figure>\n\n\n\n<h5 class=\"wp-block-heading has-text-align-center\"><span style=\"color:#a81e37\" class=\"has-inline-color\"><strong>E.S.N &amp; Cabinets Conseils<\/strong><\/span><\/h5>\n\n\n\n<p class=\"has-text-align-center\">Travaillez avec HOMMES et SOLUTIONS un partenaire fiable et respectueux de vos int\u00e9r\u00eats. Adressez-nous vos coordonn\u00e9es de contact, et r\u00e9guli\u00e8rement les CVs de vos salari\u00e9\u00b7e\u00b7s disponibles ou prochainement disponibles. Nous reviendrons rapidement vers vous pour pr\u00e9senter notre mode de fonctionnement d\u00e9taill\u00e9.<\/p>\n<\/div>\n\n\n\n<div class=\"wp-block-column is-vertically-aligned-center is-layout-flow wp-block-column-is-layout-flow\">\n<figure class=\"wp-block-image aligncenter size-full is-style-rounded\"><img loading=\"lazy\" decoding=\"async\" width=\"226\" height=\"226\" src=\"http:\/\/www.hommes-et-solutions.fr\/wp-content\/uploads\/2018\/09\/FREELANCE.jpg\" alt=\"\" class=\"wp-image-153\" srcset=\"https:\/\/hommes-et-solutions.fr\/wp-content\/uploads\/2018\/09\/FREELANCE.jpg 226w, https:\/\/hommes-et-solutions.fr\/wp-content\/uploads\/2018\/09\/FREELANCE-150x150.jpg 150w\" sizes=\"(max-width: 226px) 100vw, 226px\" \/><\/figure>\n\n\n\n<h5 class=\"wp-block-heading has-text-align-center\"><span style=\"color:#a81e37\" class=\"has-inline-color\"><strong>Freelances<\/strong><\/span><\/h5>\n\n\n\n<p class=\"has-text-align-center\">R\u00e9alisez votre prochaine mission, chez un client final, en totale transparence (statut, TJM, frais) avec HOMMES &amp; SOLUTIONS. Signalez-nous votre prochaine disponibilit\u00e9 votre statut, vos champs d&rsquo;expertises et vos attentes sp\u00e9cifiques en termes de projet, TJM, contraintes&#8230; Nous proposerons prioritairement vos CVs personnels \u00e0 nos clients. <\/p>\n<\/div>\n\n\n\n<div class=\"wp-block-column is-vertically-aligned-center is-layout-flow wp-block-column-is-layout-flow\">\n<figure class=\"wp-block-image aligncenter size-full is-style-rounded\"><img loading=\"lazy\" decoding=\"async\" width=\"226\" height=\"226\" src=\"http:\/\/www.hommes-et-solutions.fr\/wp-content\/uploads\/2018\/09\/expert-2.jpg\" alt=\"\" class=\"wp-image-185\" srcset=\"https:\/\/hommes-et-solutions.fr\/wp-content\/uploads\/2018\/09\/expert-2.jpg 226w, https:\/\/hommes-et-solutions.fr\/wp-content\/uploads\/2018\/09\/expert-2-150x150.jpg 150w\" sizes=\"(max-width: 226px) 100vw, 226px\" \/><\/figure>\n\n\n\n<h5 class=\"wp-block-heading has-text-align-center\"><span style=\"color:#a81e37\" class=\"has-inline-color\"><strong>Les expertises r\u00e9guli\u00e8rement d\u00e9l\u00e9gu\u00e9es<\/strong><\/span><\/h5>\n\n\n\n<p class=\"has-text-align-center\">IT \/ AMOA \/ MOE, ERP (SAP \/ORACLE), CRM (Salesforce), EDI, SIRH, SIH, D\u00e9cisionnel, Big Data, WEB, Transformation digitale, Architectes, Directeurs ou Chefs de projets, PMO, Consultants m\u00e9tiers, fonctionnels et\/ou techniques, D\u00e9veloppeurs, Testeurs, Support N1, N2, N3, VIP, TMA, Formateurs, Conduite du changement, DSI, RSSI&#8230;<\/p>\n<\/div>\n<\/div>\n\n\n\n<p><\/p>\n<\/div><\/div>\n\n\n\n<div class=\"inherit-container-width wp-block-group alignfull has-ast-global-color-4-background-color has-background is-layout-constrained wp-block-group-is-layout-constrained\"><div class=\"wp-block-group__inner-container\">\n<div class=\"wp-block-group has-white-background-color has-background is-layout-flow wp-block-group-is-layout-flow\"><div class=\"wp-block-group__inner-container\">\n<div class=\"wp-block-media-text alignfull has-media-on-the-right is-stacked-on-mobile is-vertically-aligned-center\" style=\"grid-template-columns:auto 25%\"><div class=\"wp-block-media-text__content\">\n<h2 class=\"wp-block-heading has-ast-global-color-0-color has-text-color\">D\u00c9COUVREZ NOTRE OFFRE DE FORMATION<\/h2>\n\n\n\n<p class=\"has-normal-font-size\">Vous souhaitez changer vos horizons professionnels ? <br>D\u00e9couvrez notre offre de formation Salesforce, SCRUM ou Kubernetes. Nos formateurs certifi\u00e9s vous accompagneront dans votre mont\u00e9e en comp\u00e9tence. Gr\u00e2ce \u00e0 nos programmes de formation menant \u00e0 des certifications professionnelles, vous pourrez valoriser vos nouveaux acquis. Notre ing\u00e9nierie p\u00e9dagogique bas\u00e9e sur des projets et cas pratiques vous permettra d&rsquo;\u00eatre op\u00e9rationnel dans votre nouveau poste. <br>Votre r\u00e9ussite sera la n\u00f4tre. <\/p>\n\n\n\n<div class=\"wp-block-buttons is-layout-flex wp-block-buttons-is-layout-flex\">\n<div class=\"wp-block-button\"><a class=\"wp-block-button__link wp-element-button\" href=\"https:\/\/tlti.fr\/ingenierie-pedagogique\/\" target=\"_blank\" rel=\"noreferrer noopener\">Les parcours de formations<\/a><\/div>\n<\/div>\n<\/div><figure class=\"wp-block-media-text__media\"><img loading=\"lazy\" decoding=\"async\" width=\"683\" height=\"1024\" src=\"http:\/\/www.hommes-et-solutions.fr\/wp-content\/uploads\/2021\/11\/agefis-qh-mar1Tzo8-unsplash-683x1024.jpg\" alt=\"\" class=\"wp-image-350 size-full\" srcset=\"https:\/\/hommes-et-solutions.fr\/wp-content\/uploads\/2021\/11\/agefis-qh-mar1Tzo8-unsplash-683x1024.jpg 683w, https:\/\/hommes-et-solutions.fr\/wp-content\/uploads\/2021\/11\/agefis-qh-mar1Tzo8-unsplash-200x300.jpg 200w, https:\/\/hommes-et-solutions.fr\/wp-content\/uploads\/2021\/11\/agefis-qh-mar1Tzo8-unsplash-768x1152.jpg 768w, https:\/\/hommes-et-solutions.fr\/wp-content\/uploads\/2021\/11\/agefis-qh-mar1Tzo8-unsplash-1024x1536.jpg 1024w, https:\/\/hommes-et-solutions.fr\/wp-content\/uploads\/2021\/11\/agefis-qh-mar1Tzo8-unsplash-1365x2048.jpg 1365w, https:\/\/hommes-et-solutions.fr\/wp-content\/uploads\/2021\/11\/agefis-qh-mar1Tzo8-unsplash-scaled.jpg 1707w\" sizes=\"(max-width: 683px) 100vw, 683px\" \/><\/figure><\/div>\n<\/div><\/div>\n<\/div><\/div>\n\n\n\n<div style=\"height:100px\" aria-hidden=\"true\" class=\"wp-block-spacer\"><\/div>\n\n\n\n<footer class=\"wp-block-uagb-section uagb-section__wrap uagb-section__background-color uagb-block-001c382f\"><div class=\"uagb-section__overlay\"><\/div><div class=\"uagb-section__inner-wrap\">\n<div style=\"height:50px\" aria-hidden=\"true\" class=\"wp-block-spacer\"><\/div>\n\n\n\n<p class=\"has-text-align-center\">Si\u00e8ge Social : 33 rue de l&rsquo;Esp\u00e9rance &#8211; 75013 PARIS<br>T\u00e9l : 01 45 89 08 94 &#8211; E-mail : contacts@hommes-et-solutions.fr<br>SARL au capital de 100 000 \u20ac &#8211; SIRET 389 642 638 00065 &#8211; Code APE 7022Z &#8211; N\u00b0 de TV intracommunautaire : FR 353 896 426 38<br>D\u00e9claration d&rsquo;activit\u00e9 enregistr\u00e9e sous le num\u00e9ro 11921818092 aupr\u00e8s du pr\u00e9fet de R\u00e9gion d\u2019Ile-de-France<\/p>\n<\/div><\/footer>\n","protected":false},"excerpt":{"rendered":"<p>Cr\u00e9\u00e9e en 1993, sur une activit\u00e9 initiale de conduite du changement, de formation utilisateurs et de support SAP\u00a9, HOMMES &amp; SOLUTIONS diversifie ses activit\u00e9s et vous propose son expertise en sourcing sur un \u00e9cosyst\u00e8me d&rsquo;environ 6 000 E.S.N partenaires et 12 000 freelances Simplicit\u00e9 et confiance Pas de base de CVs consultable, ni d&rsquo;inscription \u00e0 [&hellip;]<\/p>\n","protected":false},"author":1,"featured_media":0,"parent":0,"menu_order":0,"comment_status":"closed","ping_status":"closed","template":"","meta":{"_uag_custom_page_level_css":"","site-sidebar-layout":"","site-content-layout":"page-builder","ast-site-content-layout":"full-width-container","site-content-style":"unboxed","site-sidebar-style":"unboxed","ast-global-header-display":"","ast-banner-title-visibility":"","ast-main-header-display":"","ast-hfb-above-header-display":"","ast-hfb-below-header-display":"","ast-hfb-mobile-header-display":"","site-post-title":"disabled","ast-breadcrumbs-content":"","ast-featured-img":"","footer-sml-layout":"","ast-disable-related-posts":"","theme-transparent-header-meta":"","adv-header-id-meta":"","stick-header-meta":"","header-above-stick-meta":"","header-main-stick-meta":"","header-below-stick-meta":"","astra-migrate-meta-layouts":"set","ast-page-background-enabled":"default","ast-page-background-meta":{"desktop":{"background-color":"var(--ast-global-color-4)","background-image":"","background-repeat":"repeat","background-position":"center center","background-size":"auto","background-attachment":"scroll","background-type":"","background-media":"","overlay-type":"","overlay-color":"","overlay-opacity":"","overlay-gradient":""},"tablet":{"background-color":"","background-image":"","background-repeat":"repeat","background-position":"center center","background-size":"auto","background-attachment":"scroll","background-type":"","background-media":"","overlay-type":"","overlay-color":"","overlay-opacity":"","overlay-gradient":""},"mobile":{"background-color":"","background-image":"","background-repeat":"repeat","background-position":"center center","background-size":"auto","background-attachment":"scroll","background-type":"","background-media":"","overlay-type":"","overlay-color":"","overlay-opacity":"","overlay-gradient":""}},"ast-content-background-meta":{"desktop":{"background-color":"var(--ast-global-color-5)","background-image":"","background-repeat":"repeat","background-position":"center center","background-size":"auto","background-attachment":"scroll","background-type":"","background-media":"","overlay-type":"","overlay-color":"","overlay-opacity":"","overlay-gradient":""},"tablet":{"background-color":"var(--ast-global-color-5)","background-image":"","background-repeat":"repeat","background-position":"center center","background-size":"auto","background-attachment":"scroll","background-type":"","background-media":"","overlay-type":"","overlay-color":"","overlay-opacity":"","overlay-gradient":""},"mobile":{"background-color":"var(--ast-global-color-5)","background-image":"","background-repeat":"repeat","background-position":"center center","background-size":"auto","background-attachment":"scroll","background-type":"","background-media":"","overlay-type":"","overlay-color":"","overlay-opacity":"","overlay-gradient":""}},"footnotes":""},"class_list":["post-6","page","type-page","status-publish","hentry"],"uagb_featured_image_src":{"full":false,"thumbnail":false,"medium":false,"medium_large":false,"large":false,"1536x1536":false,"2048x2048":false},"uagb_author_info":{"display_name":"admin7857","author_link":"https:\/\/hommes-et-solutions.fr\/?author=1"},"uagb_comment_info":0,"uagb_excerpt":"Cr\u00e9\u00e9e en 1993, sur une activit\u00e9 initiale de conduite du changement, de formation utilisateurs et de support SAP\u00a9, HOMMES &amp; SOLUTIONS diversifie ses activit\u00e9s et vous propose son expertise en sourcing sur un \u00e9cosyst\u00e8me d&rsquo;environ 6 000 E.S.N partenaires et 12 000 freelances Simplicit\u00e9 et confiance Pas de base de CVs consultable, ni d&rsquo;inscription \u00e0\u2026","_links":{"self":[{"href":"https:\/\/hommes-et-solutions.fr\/index.php?rest_route=\/wp\/v2\/pages\/6","targetHints":{"allow":["GET"]}}],"collection":[{"href":"https:\/\/hommes-et-solutions.fr\/index.php?rest_route=\/wp\/v2\/pages"}],"about":[{"href":"https:\/\/hommes-et-solutions.fr\/index.php?rest_route=\/wp\/v2\/types\/page"}],"author":[{"embeddable":true,"href":"https:\/\/hommes-et-solutions.fr\/index.php?rest_route=\/wp\/v2\/users\/1"}],"replies":[{"embeddable":true,"href":"https:\/\/hommes-et-solutions.fr\/index.php?rest_route=%2Fwp%2Fv2%2Fcomments&post=6"}],"version-history":[{"count":73,"href":"https:\/\/hommes-et-solutions.fr\/index.php?rest_route=\/wp\/v2\/pages\/6\/revisions"}],"predecessor-version":[{"id":423,"href":"https:\/\/hommes-et-solutions.fr\/index.php?rest_route=\/wp\/v2\/pages\/6\/revisions\/423"}],"wp:attachment":[{"href":"https:\/\/hommes-et-solutions.fr\/index.php?rest_route=%2Fwp%2Fv2%2Fmedia&parent=6"}],"curies":[{"name":"wp","href":"https:\/\/api.w.org\/{rel}","templated":true}]}}